{"id":2141,"date":"2025-10-09T22:35:07","date_gmt":"2025-10-09T22:35:07","guid":{"rendered":"https:\/\/genbotcia.com\/?page_id=2141"},"modified":"2025-10-09T23:13:05","modified_gmt":"2025-10-09T23:13:05","slug":"elementor-2141","status":"publish","type":"page","link":"https:\/\/genbotcia.com\/index.php\/elementor-2141\/","title":{"rendered":"GenbotLab"},"content":{"rendered":"\t\t<div data-elementor-type=\"wp-page\" data-elementor-id=\"2141\" class=\"elementor elementor-2141\">\n\t\t\t\t\t\t<section class=\"elementor-section elementor-top-section elementor-element elementor-element-af156e0 elementor-section-full_width elementor-section-content-middle elementor-section-height-default elementor-section-height-default\" data-id=\"af156e0\" data-element_type=\"section\" data-e-type=\"section\" data-settings=\"{&quot;background_background&quot;:&quot;classic&quot;}\">\n\t\t\t\t\t\t\t<div class=\"elementor-background-overlay\"><\/div>\n\t\t\t\t\t\t\t<div class=\"elementor-container elementor-column-gap-default\">\n\t\t\t\t\t<div class=\"elementor-column elementor-col-50 elementor-top-column elementor-element elementor-element-4bf6dc0\" data-id=\"4bf6dc0\" data-element_type=\"column\" data-e-type=\"column\">\n\t\t\t<div class=\"elementor-widget-wrap elementor-element-populated\">\n\t\t\t\t\t\t<div class=\"elementor-element elementor-element-163805e elementor-widget elementor-widget-heading\" data-id=\"163805e\" data-element_type=\"widget\" data-e-type=\"widget\" data-widget_type=\"heading.default\">\n\t\t\t\t<div class=\"elementor-widget-container\">\n\t\t\t\t\t<h2 class=\"elementor-heading-title elementor-size-default\">En nuestro laboratorio de innovaci\u00f3n exploramos nuevas formas de aplicar la automatizaci\u00f3n inteligente<\/h2>\t\t\t\t<\/div>\n\t\t\t\t<\/div>\n\t\t\t\t\t<\/div>\n\t\t<\/div>\n\t\t\t\t<div class=\"elementor-column elementor-col-50 elementor-top-column elementor-element elementor-element-80b472a\" data-id=\"80b472a\" data-element_type=\"column\" data-e-type=\"column\">\n\t\t\t<div class=\"elementor-widget-wrap elementor-element-populated\">\n\t\t\t\t\t\t<div class=\"elementor-element elementor-element-dec024a elementor-widget elementor-widget-image\" data-id=\"dec024a\" data-element_type=\"widget\" data-e-type=\"widget\" data-widget_type=\"image.default\">\n\t\t\t\t<div class=\"elementor-widget-container\">\n\t\t\t\t\t\t\t\t\t\t\t\t\t\t\t<img fetchpriority=\"high\" decoding=\"async\" width=\"1024\" height=\"573\" src=\"https:\/\/genbotcia.com\/wp-content\/uploads\/2025\/10\/crea-una-imagen-sencilla-de-un-laboratorio-con-fondo-azul-claro-1024x573.jpg\" class=\"attachment-large size-large wp-image-2186\" alt=\"\" srcset=\"https:\/\/genbotcia.com\/wp-content\/uploads\/2025\/10\/crea-una-imagen-sencilla-de-un-laboratorio-con-fondo-azul-claro-1024x573.jpg 1024w, https:\/\/genbotcia.com\/wp-content\/uploads\/2025\/10\/crea-una-imagen-sencilla-de-un-laboratorio-con-fondo-azul-claro-300x168.jpg 300w, https:\/\/genbotcia.com\/wp-content\/uploads\/2025\/10\/crea-una-imagen-sencilla-de-un-laboratorio-con-fondo-azul-claro-768x430.jpg 768w, https:\/\/genbotcia.com\/wp-content\/uploads\/2025\/10\/crea-una-imagen-sencilla-de-un-laboratorio-con-fondo-azul-claro-1536x860.jpg 1536w, https:\/\/genbotcia.com\/wp-content\/uploads\/2025\/10\/crea-una-imagen-sencilla-de-un-laboratorio-con-fondo-azul-claro.jpg 1600w\" sizes=\"(max-width: 1024px) 100vw, 1024px\" \/>\t\t\t\t\t\t\t\t\t\t\t\t\t\t\t<\/div>\n\t\t\t\t<\/div>\n\t\t\t\t\t<\/div>\n\t\t<\/div>\n\t\t\t\t\t<\/div>\n\t\t<\/section>\n\t\t\t\t<section class=\"elementor-section elementor-top-section elementor-element elementor-element-e10a80b elementor-section-content-middle elementor-section-full_width elementor-section-height-default elementor-section-height-default\" data-id=\"e10a80b\" data-element_type=\"section\" data-e-type=\"section\">\n\t\t\t\t\t\t<div class=\"elementor-container elementor-column-gap-default\">\n\t\t\t\t\t<div class=\"elementor-column elementor-col-50 elementor-top-column elementor-element elementor-element-2f4cb16\" data-id=\"2f4cb16\" data-element_type=\"column\" data-e-type=\"column\">\n\t\t\t<div class=\"elementor-widget-wrap elementor-element-populated\">\n\t\t\t\t\t\t<div class=\"elementor-element elementor-element-cf3d7e0 elementor-widget elementor-widget-heading\" data-id=\"cf3d7e0\" data-element_type=\"widget\" data-e-type=\"widget\" data-widget_type=\"heading.default\">\n\t\t\t\t<div class=\"elementor-widget-container\">\n\t\t\t\t\t<h3 class=\"elementor-heading-title elementor-size-default\">Uno de nuestros desarrollos m\u00e1s destacados es Quitoprices, una plataforma web gratuita, que utiliza RPA para recopilar y mostrar descuentos de tiendas ecuatorianas en tiempo real. Con esta iniciativa ayudamos a la econom\u00eda familiar del pa\u00eds en tiempos donde el ahorro cuenta en cada compra.<\/h3>\t\t\t\t<\/div>\n\t\t\t\t<\/div>\n\t\t\t\t<div class=\"elementor-element elementor-element-29beaca elementor-align-right elementor-widget elementor-widget-button\" data-id=\"29beaca\" data-element_type=\"widget\" data-e-type=\"widget\" data-widget_type=\"button.default\">\n\t\t\t\t<div class=\"elementor-widget-container\">\n\t\t\t\t\t\t\t\t\t<div class=\"elementor-button-wrapper\">\n\t\t\t\t\t<a class=\"elementor-button elementor-button-link elementor-size-sm\" href=\"https:\/\/quitoprices.com\/\" target=\"_blank\" rel=\"nofollow\">\n\t\t\t\t\t\t<span class=\"elementor-button-content-wrapper\">\n\t\t\t\t\t\t\t\t\t<span class=\"elementor-button-text\">Visitar Quitoprices \u2192<\/span>\n\t\t\t\t\t<\/span>\n\t\t\t\t\t<\/a>\n\t\t\t\t<\/div>\n\t\t\t\t\t\t\t\t<\/div>\n\t\t\t\t<\/div>\n\t\t\t\t\t<\/div>\n\t\t<\/div>\n\t\t\t\t<div class=\"elementor-column elementor-col-50 elementor-top-column elementor-element elementor-element-08a6f5d\" data-id=\"08a6f5d\" data-element_type=\"column\" data-e-type=\"column\">\n\t\t\t<div class=\"elementor-widget-wrap elementor-element-populated\">\n\t\t\t\t\t\t<div class=\"elementor-element elementor-element-8294f58 elementor-widget elementor-widget-image\" data-id=\"8294f58\" data-element_type=\"widget\" data-e-type=\"widget\" data-widget_type=\"image.default\">\n\t\t\t\t<div class=\"elementor-widget-container\">\n\t\t\t\t\t\t\t\t\t\t\t\t\t\t\t<img decoding=\"async\" width=\"1861\" height=\"821\" src=\"https:\/\/genbotcia.com\/wp-content\/uploads\/2025\/10\/quitoprices-capture.jpg\" class=\"attachment-full size-full wp-image-2152\" alt=\"\" srcset=\"https:\/\/genbotcia.com\/wp-content\/uploads\/2025\/10\/quitoprices-capture.jpg 1861w, https:\/\/genbotcia.com\/wp-content\/uploads\/2025\/10\/quitoprices-capture-300x132.jpg 300w, https:\/\/genbotcia.com\/wp-content\/uploads\/2025\/10\/quitoprices-capture-1024x452.jpg 1024w, https:\/\/genbotcia.com\/wp-content\/uploads\/2025\/10\/quitoprices-capture-768x339.jpg 768w, https:\/\/genbotcia.com\/wp-content\/uploads\/2025\/10\/quitoprices-capture-1536x678.jpg 1536w\" sizes=\"(max-width: 1861px) 100vw, 1861px\" \/>\t\t\t\t\t\t\t\t\t\t\t\t\t\t\t<\/div>\n\t\t\t\t<\/div>\n\t\t\t\t\t<\/div>\n\t\t<\/div>\n\t\t\t\t\t<\/div>\n\t\t<\/section>\n\t\t\t\t<section class=\"elementor-section elementor-top-section elementor-element elementor-element-9bf7760 elementor-section-boxed elementor-section-height-default elementor-section-height-default\" data-id=\"9bf7760\" data-element_type=\"section\" data-e-type=\"section\">\n\t\t\t\t\t\t<div class=\"elementor-container elementor-column-gap-default\">\n\t\t\t\t\t<div class=\"elementor-column elementor-col-100 elementor-top-column elementor-element elementor-element-38ca19f\" data-id=\"38ca19f\" data-element_type=\"column\" data-e-type=\"column\">\n\t\t\t<div class=\"elementor-widget-wrap\">\n\t\t\t\t\t\t\t<\/div>\n\t\t<\/div>\n\t\t\t\t\t<\/div>\n\t\t<\/section>\n\t\t\t\t<\/div>\n\t\t","protected":false},"excerpt":{"rendered":"<p>En nuestro laboratorio de innovaci\u00f3n exploramos nuevas formas de aplicar la automatizaci\u00f3n inteligente Uno de nuestros desarrollos m\u00e1s destacados es Quitoprices, una plataforma web gratuita, que utiliza RPA para recopilar y mostrar descuentos de tiendas ecuatorianas en tiempo real. Con esta iniciativa ayudamos a la econom\u00eda familiar del pa\u00eds en tiempos donde el ahorro cuenta [&hellip;]<\/p>\n","protected":false},"author":1,"featured_media":0,"parent":0,"menu_order":0,"comment_status":"closed","ping_status":"closed","template":"","meta":{"site-sidebar-layout":"no-sidebar","site-content-layout":"page-builder","ast-site-content-layout":"full-width-container","site-content-style":"default","site-sidebar-style":"default","ast-global-header-display":"","ast-banner-title-visibility":"","ast-main-header-display":"","ast-hfb-above-header-display":"","ast-hfb-below-header-display":"","ast-hfb-mobile-header-display":"","site-post-title":"","ast-breadcrumbs-content":"","ast-featured-img":"disabled","footer-sml-layout":"","ast-disable-related-posts":"","theme-transparent-header-meta":"","adv-header-id-meta":"","stick-header-meta":"","header-above-stick-meta":"","header-main-stick-meta":"","header-below-stick-meta":"","astra-migrate-meta-layouts":"set","ast-page-background-enabled":"default","ast-page-background-meta":{"desktop":{"background-color":"var(--ast-global-color-4)","background-image":"","background-repeat":"repeat","background-position":"center center","background-size":"auto","background-attachment":"scroll","background-type":"","background-media":"","overlay-type":"","overlay-color":"","overlay-opacity":"","overlay-gradient":""},"tablet":{"background-color":"","background-image":"","background-repeat":"repeat","background-position":"center center","background-size":"auto","background-attachment":"scroll","background-type":"","background-media":"","overlay-type":"","overlay-color":"","overlay-opacity":"","overlay-gradient":""},"mobile":{"background-color":"","background-image":"","background-repeat":"repeat","background-position":"center center","background-size":"auto","background-attachment":"scroll","background-type":"","background-media":"","overlay-type":"","overlay-color":"","overlay-opacity":"","overlay-gradient":""}},"ast-content-background-meta":{"desktop":{"background-color":"var(--ast-global-color-5)","background-image":"","background-repeat":"repeat","background-position":"center center","background-size":"auto","background-attachment":"scroll","background-type":"","background-media":"","overlay-type":"","overlay-color":"","overlay-opacity":"","overlay-gradient":""},"tablet":{"background-color":"var(--ast-global-color-5)","background-image":"","background-repeat":"repeat","background-position":"center center","background-size":"auto","background-attachment":"scroll","background-type":"","background-media":"","overlay-type":"","overlay-color":"","overlay-opacity":"","overlay-gradient":""},"mobile":{"background-color":"var(--ast-global-color-5)","background-image":"","background-repeat":"repeat","background-position":"center center","background-size":"auto","background-attachment":"scroll","background-type":"","background-media":"","overlay-type":"","overlay-color":"","overlay-opacity":"","overlay-gradient":""}},"footnotes":""},"class_list":["post-2141","page","type-page","status-publish","hentry"],"_links":{"self":[{"href":"https:\/\/genbotcia.com\/index.php\/wp-json\/wp\/v2\/pages\/2141","targetHints":{"allow":["GET"]}}],"collection":[{"href":"https:\/\/genbotcia.com\/index.php\/wp-json\/wp\/v2\/pages"}],"about":[{"href":"https:\/\/genbotcia.com\/index.php\/wp-json\/wp\/v2\/types\/page"}],"author":[{"embeddable":true,"href":"https:\/\/genbotcia.com\/index.php\/wp-json\/wp\/v2\/users\/1"}],"replies":[{"embeddable":true,"href":"https:\/\/genbotcia.com\/index.php\/wp-json\/wp\/v2\/comments?post=2141"}],"version-history":[{"count":46,"href":"https:\/\/genbotcia.com\/index.php\/wp-json\/wp\/v2\/pages\/2141\/revisions"}],"predecessor-version":[{"id":2195,"href":"https:\/\/genbotcia.com\/index.php\/wp-json\/wp\/v2\/pages\/2141\/revisions\/2195"}],"wp:attachment":[{"href":"https:\/\/genbotcia.com\/index.php\/wp-json\/wp\/v2\/media?parent=2141"}],"curies":[{"name":"wp","href":"https:\/\/api.w.org\/{rel}","templated":true}]}}