{"id":1522,"date":"2025-09-30T18:36:42","date_gmt":"2025-09-30T18:36:42","guid":{"rendered":"https:\/\/genbotcia.com\/?page_id=1522"},"modified":"2025-10-02T15:04:35","modified_gmt":"2025-10-02T15:04:35","slug":"cuadres-contables","status":"publish","type":"page","link":"https:\/\/genbotcia.com\/index.php\/cuadres-contables\/","title":{"rendered":"Cuadres contables"},"content":{"rendered":"\t\t<div data-elementor-type=\"wp-page\" data-elementor-id=\"1522\" class=\"elementor elementor-1522\">\n\t\t\t\t\t\t<section class=\"elementor-section elementor-top-section elementor-element elementor-element-8ae0e76 elementor-section-full_width elementor-section-content-middle elementor-section-height-default elementor-section-height-default\" data-id=\"8ae0e76\" data-element_type=\"section\" data-e-type=\"section\" data-settings=\"{&quot;background_background&quot;:&quot;classic&quot;}\">\n\t\t\t\t\t\t\t<div class=\"elementor-background-overlay\"><\/div>\n\t\t\t\t\t\t\t<div class=\"elementor-container elementor-column-gap-default\">\n\t\t\t\t\t<div class=\"elementor-column elementor-col-50 elementor-top-column elementor-element elementor-element-a8b371a\" data-id=\"a8b371a\" data-element_type=\"column\" data-e-type=\"column\">\n\t\t\t<div class=\"elementor-widget-wrap elementor-element-populated\">\n\t\t\t\t\t\t<div class=\"elementor-element elementor-element-2784e60 elementor-widget elementor-widget-heading\" data-id=\"2784e60\" data-element_type=\"widget\" data-e-type=\"widget\" data-widget_type=\"heading.default\">\n\t\t\t\t<div class=\"elementor-widget-container\">\n\t\t\t\t\t<h2 class=\"elementor-heading-title elementor-size-default\">Precisi\u00f3n contable sin esfuerzo humano<\/h2>\t\t\t\t<\/div>\n\t\t\t\t<\/div>\n\t\t\t\t\t<\/div>\n\t\t<\/div>\n\t\t\t\t<div class=\"elementor-column elementor-col-50 elementor-top-column elementor-element elementor-element-184d99c\" data-id=\"184d99c\" data-element_type=\"column\" data-e-type=\"column\">\n\t\t\t<div class=\"elementor-widget-wrap elementor-element-populated\">\n\t\t\t\t\t\t<div class=\"elementor-element elementor-element-5f406b3 elementor-widget elementor-widget-image\" data-id=\"5f406b3\" data-element_type=\"widget\" data-e-type=\"widget\" data-widget_type=\"image.default\">\n\t\t\t\t<div class=\"elementor-widget-container\">\n\t\t\t\t\t\t\t\t\t\t\t\t\t\t\t<img fetchpriority=\"high\" decoding=\"async\" width=\"1600\" height=\"896\" src=\"https:\/\/genbotcia.com\/wp-content\/uploads\/2025\/10\/genera-una-imagen-de-un-robot-haciendo-la-contabilidad-de-una-empresa.jpg\" class=\"attachment-full size-full wp-image-1989\" alt=\"\" srcset=\"https:\/\/genbotcia.com\/wp-content\/uploads\/2025\/10\/genera-una-imagen-de-un-robot-haciendo-la-contabilidad-de-una-empresa.jpg 1600w, https:\/\/genbotcia.com\/wp-content\/uploads\/2025\/10\/genera-una-imagen-de-un-robot-haciendo-la-contabilidad-de-una-empresa-300x168.jpg 300w, https:\/\/genbotcia.com\/wp-content\/uploads\/2025\/10\/genera-una-imagen-de-un-robot-haciendo-la-contabilidad-de-una-empresa-1024x573.jpg 1024w, https:\/\/genbotcia.com\/wp-content\/uploads\/2025\/10\/genera-una-imagen-de-un-robot-haciendo-la-contabilidad-de-una-empresa-768x430.jpg 768w, https:\/\/genbotcia.com\/wp-content\/uploads\/2025\/10\/genera-una-imagen-de-un-robot-haciendo-la-contabilidad-de-una-empresa-1536x860.jpg 1536w\" sizes=\"(max-width: 1600px) 100vw, 1600px\" \/>\t\t\t\t\t\t\t\t\t\t\t\t\t\t\t<\/div>\n\t\t\t\t<\/div>\n\t\t\t\t\t<\/div>\n\t\t<\/div>\n\t\t\t\t\t<\/div>\n\t\t<\/section>\n\t\t\t\t<section class=\"elementor-section elementor-top-section elementor-element elementor-element-09fd52e elementor-section-full_width elementor-section-height-default elementor-section-height-default\" data-id=\"09fd52e\" data-element_type=\"section\" data-e-type=\"section\" data-settings=\"{&quot;background_background&quot;:&quot;classic&quot;}\">\n\t\t\t\t\t\t<div class=\"elementor-container elementor-column-gap-default\">\n\t\t\t\t\t<div class=\"elementor-column elementor-col-100 elementor-top-column elementor-element elementor-element-834181c\" data-id=\"834181c\" data-element_type=\"column\" data-e-type=\"column\">\n\t\t\t<div class=\"elementor-widget-wrap elementor-element-populated\">\n\t\t\t\t\t\t<div class=\"elementor-element elementor-element-e2cb34d elementor-widget__width-inherit elementor-widget elementor-widget-heading\" data-id=\"e2cb34d\" data-element_type=\"widget\" data-e-type=\"widget\" data-widget_type=\"heading.default\">\n\t\t\t\t<div class=\"elementor-widget-container\">\n\t\t\t\t\t<h3 class=\"elementor-heading-title elementor-size-default\">Nuestro servicio automatizado de cuadres contables con RPA permite ejecutar conciliaciones contables de forma precisa, r\u00e1pida y sin intervenci\u00f3n manual.<\/h3>\t\t\t\t<\/div>\n\t\t\t\t<\/div>\n\t\t\t\t<div class=\"elementor-element elementor-element-107638e elementor-widget__width-inherit elementor-widget elementor-widget-heading\" data-id=\"107638e\" data-element_type=\"widget\" data-e-type=\"widget\" data-widget_type=\"heading.default\">\n\t\t\t\t<div class=\"elementor-widget-container\">\n\t\t\t\t\t<h3 class=\"elementor-heading-title elementor-size-default\">Ideal para empresas que manejan grandes vol\u00famenes de datos y necesitan eficiencia operativa.<\/h3>\t\t\t\t<\/div>\n\t\t\t\t<\/div>\n\t\t\t\t\t<\/div>\n\t\t<\/div>\n\t\t\t\t\t<\/div>\n\t\t<\/section>\n\t\t\t\t<section class=\"elementor-section elementor-top-section elementor-element elementor-element-b4596e6 elementor-section-full_width elementor-section-height-default elementor-section-height-default\" data-id=\"b4596e6\" data-element_type=\"section\" data-e-type=\"section\">\n\t\t\t\t\t\t<div class=\"elementor-container elementor-column-gap-default\">\n\t\t\t\t\t<div class=\"elementor-column elementor-col-100 elementor-top-column elementor-element elementor-element-841ed47\" data-id=\"841ed47\" data-element_type=\"column\" data-e-type=\"column\">\n\t\t\t<div class=\"elementor-widget-wrap elementor-element-populated\">\n\t\t\t\t\t\t<div class=\"elementor-element elementor-element-0e4efc7 elementor-widget elementor-widget-heading\" data-id=\"0e4efc7\" data-element_type=\"widget\" data-e-type=\"widget\" data-widget_type=\"heading.default\">\n\t\t\t\t<div class=\"elementor-widget-container\">\n\t\t\t\t\t<h1 class=\"elementor-heading-title elementor-size-default\">\u00bfC\u00f3mo funciona?<\/h1>\t\t\t\t<\/div>\n\t\t\t\t<\/div>\n\t\t\t\t\t<\/div>\n\t\t<\/div>\n\t\t\t\t\t<\/div>\n\t\t<\/section>\n\t\t\t\t<section class=\"elementor-section elementor-top-section elementor-element elementor-element-79f0c70 elementor-section-content-middle elementor-section-full_width elementor-section-height-default elementor-section-height-default\" data-id=\"79f0c70\" data-element_type=\"section\" data-e-type=\"section\">\n\t\t\t\t\t\t<div class=\"elementor-container elementor-column-gap-default\">\n\t\t\t\t\t<div class=\"elementor-column elementor-col-50 elementor-top-column elementor-element elementor-element-886b500\" data-id=\"886b500\" data-element_type=\"column\" data-e-type=\"column\">\n\t\t\t<div class=\"elementor-widget-wrap elementor-element-populated\">\n\t\t\t\t\t\t<div class=\"elementor-element elementor-element-b5386a8 elementor-widget elementor-widget-heading\" data-id=\"b5386a8\" data-element_type=\"widget\" data-e-type=\"widget\" data-widget_type=\"heading.default\">\n\t\t\t\t<div class=\"elementor-widget-container\">\n\t\t\t\t\t<h3 class=\"elementor-heading-title elementor-size-default\">Utilizamos robots de software que replican tareas humanas en sistemas contables, interpretan archivos y se conectan con fuentes externas de informaci\u00f3n.<\/h3>\t\t\t\t<\/div>\n\t\t\t\t<\/div>\n\t\t\t\t\t<\/div>\n\t\t<\/div>\n\t\t\t\t<div class=\"elementor-column elementor-col-50 elementor-top-column elementor-element elementor-element-7d1c8c8\" data-id=\"7d1c8c8\" data-element_type=\"column\" data-e-type=\"column\">\n\t\t\t<div class=\"elementor-widget-wrap elementor-element-populated\">\n\t\t\t\t\t\t<div class=\"elementor-element elementor-element-6b4a7f4 elementor-widget elementor-widget-image\" data-id=\"6b4a7f4\" data-element_type=\"widget\" data-e-type=\"widget\" data-widget_type=\"image.default\">\n\t\t\t\t<div class=\"elementor-widget-container\">\n\t\t\t\t\t\t\t\t\t\t\t\t\t\t\t<img decoding=\"async\" width=\"1024\" height=\"573\" src=\"https:\/\/genbotcia.com\/wp-content\/uploads\/2025\/10\/crea-una-imagen-de-varos-sistemas-contables-con-fondo-blanco-1024x573.jpg\" class=\"attachment-large size-large wp-image-2011\" alt=\"\" srcset=\"https:\/\/genbotcia.com\/wp-content\/uploads\/2025\/10\/crea-una-imagen-de-varos-sistemas-contables-con-fondo-blanco-1024x573.jpg 1024w, https:\/\/genbotcia.com\/wp-content\/uploads\/2025\/10\/crea-una-imagen-de-varos-sistemas-contables-con-fondo-blanco-300x168.jpg 300w, https:\/\/genbotcia.com\/wp-content\/uploads\/2025\/10\/crea-una-imagen-de-varos-sistemas-contables-con-fondo-blanco-768x430.jpg 768w, https:\/\/genbotcia.com\/wp-content\/uploads\/2025\/10\/crea-una-imagen-de-varos-sistemas-contables-con-fondo-blanco-1536x860.jpg 1536w, https:\/\/genbotcia.com\/wp-content\/uploads\/2025\/10\/crea-una-imagen-de-varos-sistemas-contables-con-fondo-blanco.jpg 1600w\" sizes=\"(max-width: 1024px) 100vw, 1024px\" \/>\t\t\t\t\t\t\t\t\t\t\t\t\t\t\t<\/div>\n\t\t\t\t<\/div>\n\t\t\t\t\t<\/div>\n\t\t<\/div>\n\t\t\t\t\t<\/div>\n\t\t<\/section>\n\t\t\t\t<section class=\"elementor-section elementor-top-section elementor-element elementor-element-8a7110b elementor-section-content-middle elementor-section-full_width elementor-section-height-default elementor-section-height-default\" data-id=\"8a7110b\" data-element_type=\"section\" data-e-type=\"section\">\n\t\t\t\t\t\t<div class=\"elementor-container elementor-column-gap-default\">\n\t\t\t\t\t<div class=\"elementor-column elementor-col-50 elementor-top-column elementor-element elementor-element-5014f76\" data-id=\"5014f76\" data-element_type=\"column\" data-e-type=\"column\">\n\t\t\t<div class=\"elementor-widget-wrap elementor-element-populated\">\n\t\t\t\t\t\t<div class=\"elementor-element elementor-element-7600715 elementor-widget elementor-widget-image\" data-id=\"7600715\" data-element_type=\"widget\" data-e-type=\"widget\" data-widget_type=\"image.default\">\n\t\t\t\t<div class=\"elementor-widget-container\">\n\t\t\t\t\t\t\t\t\t\t\t\t\t\t\t<img decoding=\"async\" width=\"1024\" height=\"573\" src=\"https:\/\/genbotcia.com\/wp-content\/uploads\/2025\/10\/crea-una-imagen-de-un-robot-interpretando-datos-y-graficos-con-fondo-blanco-1024x573.jpg\" class=\"attachment-large size-large wp-image-2013\" alt=\"\" srcset=\"https:\/\/genbotcia.com\/wp-content\/uploads\/2025\/10\/crea-una-imagen-de-un-robot-interpretando-datos-y-graficos-con-fondo-blanco-1024x573.jpg 1024w, https:\/\/genbotcia.com\/wp-content\/uploads\/2025\/10\/crea-una-imagen-de-un-robot-interpretando-datos-y-graficos-con-fondo-blanco-300x168.jpg 300w, https:\/\/genbotcia.com\/wp-content\/uploads\/2025\/10\/crea-una-imagen-de-un-robot-interpretando-datos-y-graficos-con-fondo-blanco-768x430.jpg 768w, https:\/\/genbotcia.com\/wp-content\/uploads\/2025\/10\/crea-una-imagen-de-un-robot-interpretando-datos-y-graficos-con-fondo-blanco-1536x860.jpg 1536w, https:\/\/genbotcia.com\/wp-content\/uploads\/2025\/10\/crea-una-imagen-de-un-robot-interpretando-datos-y-graficos-con-fondo-blanco.jpg 1600w\" sizes=\"(max-width: 1024px) 100vw, 1024px\" \/>\t\t\t\t\t\t\t\t\t\t\t\t\t\t\t<\/div>\n\t\t\t\t<\/div>\n\t\t\t\t\t<\/div>\n\t\t<\/div>\n\t\t\t\t<div class=\"elementor-column elementor-col-50 elementor-top-column elementor-element elementor-element-b9f7093\" data-id=\"b9f7093\" data-element_type=\"column\" data-e-type=\"column\">\n\t\t\t<div class=\"elementor-widget-wrap elementor-element-populated\">\n\t\t\t\t\t\t<div class=\"elementor-element elementor-element-03e6759 elementor-widget elementor-widget-heading\" data-id=\"03e6759\" data-element_type=\"widget\" data-e-type=\"widget\" data-widget_type=\"heading.default\">\n\t\t\t\t<div class=\"elementor-widget-container\">\n\t\t\t\t\t<h3 class=\"elementor-heading-title elementor-size-default\">El robot extrae datos, compara registros, identifica diferencias y genera reportes autom\u00e1ticos. Todo esto sin intervenci\u00f3n manual, garantizando velocidad y precisi\u00f3n.<\/h3>\t\t\t\t<\/div>\n\t\t\t\t<\/div>\n\t\t\t\t\t<\/div>\n\t\t<\/div>\n\t\t\t\t\t<\/div>\n\t\t<\/section>\n\t\t\t\t<section class=\"elementor-section elementor-top-section elementor-element elementor-element-1b91d50 elementor-section-content-middle elementor-section-full_width elementor-section-height-default elementor-section-height-default\" data-id=\"1b91d50\" data-element_type=\"section\" data-e-type=\"section\">\n\t\t\t\t\t\t<div class=\"elementor-container elementor-column-gap-default\">\n\t\t\t\t\t<div class=\"elementor-column elementor-col-50 elementor-top-column elementor-element elementor-element-f3620d1\" data-id=\"f3620d1\" data-element_type=\"column\" data-e-type=\"column\">\n\t\t\t<div class=\"elementor-widget-wrap elementor-element-populated\">\n\t\t\t\t\t\t<div class=\"elementor-element elementor-element-3739e3b elementor-widget elementor-widget-heading\" data-id=\"3739e3b\" data-element_type=\"widget\" data-e-type=\"widget\" data-widget_type=\"heading.default\">\n\t\t\t\t<div class=\"elementor-widget-container\">\n\t\t\t\t\t<h3 class=\"elementor-heading-title elementor-size-default\">Listo! Lleg\u00f3 el momento de evaluar los resultados y pasar el informe al \u00e1rea contable.<\/h3>\t\t\t\t<\/div>\n\t\t\t\t<\/div>\n\t\t\t\t\t<\/div>\n\t\t<\/div>\n\t\t\t\t<div class=\"elementor-column elementor-col-50 elementor-top-column elementor-element elementor-element-68e72f5\" data-id=\"68e72f5\" data-element_type=\"column\" data-e-type=\"column\">\n\t\t\t<div class=\"elementor-widget-wrap elementor-element-populated\">\n\t\t\t\t\t\t<div class=\"elementor-element elementor-element-4a5cee2 elementor-widget elementor-widget-image\" data-id=\"4a5cee2\" data-element_type=\"widget\" data-e-type=\"widget\" data-widget_type=\"image.default\">\n\t\t\t\t<div class=\"elementor-widget-container\">\n\t\t\t\t\t\t\t\t\t\t\t\t\t\t\t<img loading=\"lazy\" decoding=\"async\" width=\"1024\" height=\"573\" src=\"https:\/\/genbotcia.com\/wp-content\/uploads\/2025\/10\/crea-una-imagen-de-un-contador-feliz-con-fondo-blanco-1024x573.jpg\" class=\"attachment-large size-large wp-image-2014\" alt=\"\" srcset=\"https:\/\/genbotcia.com\/wp-content\/uploads\/2025\/10\/crea-una-imagen-de-un-contador-feliz-con-fondo-blanco-1024x573.jpg 1024w, https:\/\/genbotcia.com\/wp-content\/uploads\/2025\/10\/crea-una-imagen-de-un-contador-feliz-con-fondo-blanco-300x168.jpg 300w, https:\/\/genbotcia.com\/wp-content\/uploads\/2025\/10\/crea-una-imagen-de-un-contador-feliz-con-fondo-blanco-768x430.jpg 768w, https:\/\/genbotcia.com\/wp-content\/uploads\/2025\/10\/crea-una-imagen-de-un-contador-feliz-con-fondo-blanco-1536x860.jpg 1536w, https:\/\/genbotcia.com\/wp-content\/uploads\/2025\/10\/crea-una-imagen-de-un-contador-feliz-con-fondo-blanco.jpg 1600w\" sizes=\"(max-width: 1024px) 100vw, 1024px\" \/>\t\t\t\t\t\t\t\t\t\t\t\t\t\t\t<\/div>\n\t\t\t\t<\/div>\n\t\t\t\t\t<\/div>\n\t\t<\/div>\n\t\t\t\t\t<\/div>\n\t\t<\/section>\n\t\t\t\t<section class=\"elementor-section elementor-top-section elementor-element elementor-element-e3e7e32 elementor-section-full_width elementor-section-height-default elementor-section-height-default\" data-id=\"e3e7e32\" data-element_type=\"section\" data-e-type=\"section\">\n\t\t\t\t\t\t<div class=\"elementor-container elementor-column-gap-default\">\n\t\t\t\t\t<div class=\"elementor-column elementor-col-100 elementor-top-column elementor-element elementor-element-850b8e6\" data-id=\"850b8e6\" data-element_type=\"column\" data-e-type=\"column\">\n\t\t\t<div class=\"elementor-widget-wrap elementor-element-populated\">\n\t\t\t\t\t\t<div class=\"elementor-element elementor-element-14f440e elementor-widget elementor-widget-heading\" data-id=\"14f440e\" data-element_type=\"widget\" data-e-type=\"widget\" data-widget_type=\"heading.default\">\n\t\t\t\t<div class=\"elementor-widget-container\">\n\t\t\t\t\t<h2 class=\"elementor-heading-title elementor-size-default\">Nuestro robot genera:<\/h2>\t\t\t\t<\/div>\n\t\t\t\t<\/div>\n\t\t\t\t<div class=\"elementor-element elementor-element-bf64339 elementor-widget elementor-widget-counter\" data-id=\"bf64339\" data-element_type=\"widget\" data-e-type=\"widget\" data-widget_type=\"counter.default\">\n\t\t\t\t<div class=\"elementor-widget-container\">\n\t\t\t\t\t\t\t<div class=\"elementor-counter\">\n\t\t\t<div class=\"elementor-counter-title\">Cuadres contables al a\u00f1o<\/div>\t\t\t<div class=\"elementor-counter-number-wrapper\">\n\t\t\t\t<span class=\"elementor-counter-number-prefix\">+<\/span>\n\t\t\t\t<span class=\"elementor-counter-number\" data-duration=\"2000\" data-to-value=\"3660\" data-from-value=\"0\" data-delimiter=\",\">0<\/span>\n\t\t\t\t<span class=\"elementor-counter-number-suffix\"><\/span>\n\t\t\t<\/div>\n\t\t<\/div>\n\t\t\t\t\t\t<\/div>\n\t\t\t\t<\/div>\n\t\t\t\t\t<\/div>\n\t\t<\/div>\n\t\t\t\t\t<\/div>\n\t\t<\/section>\n\t\t\t\t<\/div>\n\t\t","protected":false},"excerpt":{"rendered":"<p>Precisi\u00f3n contable sin esfuerzo humano Nuestro servicio automatizado de cuadres contables con RPA permite ejecutar conciliaciones contables de forma precisa, r\u00e1pida y sin intervenci\u00f3n manual. Ideal para empresas que manejan grandes vol\u00famenes de datos y necesitan eficiencia operativa. \u00bfC\u00f3mo funciona? Utilizamos robots de software que replican tareas humanas en sistemas contables, interpretan archivos y se [&hellip;]<\/p>\n","protected":false},"author":1,"featured_media":0,"parent":0,"menu_order":0,"comment_status":"closed","ping_status":"closed","template":"","meta":{"site-sidebar-layout":"no-sidebar","site-content-layout":"page-builder","ast-site-content-layout":"full-width-container","site-content-style":"default","site-sidebar-style":"default","ast-global-header-display":"","ast-banner-title-visibility":"","ast-main-header-display":"","ast-hfb-above-header-display":"","ast-hfb-below-header-display":"","ast-hfb-mobile-header-display":"","site-post-title":"","ast-breadcrumbs-content":"","ast-featured-img":"disabled","footer-sml-layout":"","ast-disable-related-posts":"","theme-transparent-header-meta":"","adv-header-id-meta":"","stick-header-meta":"","header-above-stick-meta":"","header-main-stick-meta":"","header-below-stick-meta":"","astra-migrate-meta-layouts":"set","ast-page-background-enabled":"default","ast-page-background-meta":{"desktop":{"background-color":"var(--ast-global-color-4)","background-image":"","background-repeat":"repeat","background-position":"center center","background-size":"auto","background-attachment":"scroll","background-type":"","background-media":"","overlay-type":"","overlay-color":"","overlay-opacity":"","overlay-gradient":""},"tablet":{"background-color":"","background-image":"","background-repeat":"repeat","background-position":"center center","background-size":"auto","background-attachment":"scroll","background-type":"","background-media":"","overlay-type":"","overlay-color":"","overlay-opacity":"","overlay-gradient":""},"mobile":{"background-color":"","background-image":"","background-repeat":"repeat","background-position":"center center","background-size":"auto","background-attachment":"scroll","background-type":"","background-media":"","overlay-type":"","overlay-color":"","overlay-opacity":"","overlay-gradient":""}},"ast-content-background-meta":{"desktop":{"background-color":"var(--ast-global-color-5)","background-image":"","background-repeat":"repeat","background-position":"center center","background-size":"auto","background-attachment":"scroll","background-type":"","background-media":"","overlay-type":"","overlay-color":"","overlay-opacity":"","overlay-gradient":""},"tablet":{"background-color":"var(--ast-global-color-5)","background-image":"","background-repeat":"repeat","background-position":"center center","background-size":"auto","background-attachment":"scroll","background-type":"","background-media":"","overlay-type":"","overlay-color":"","overlay-opacity":"","overlay-gradient":""},"mobile":{"background-color":"var(--ast-global-color-5)","background-image":"","background-repeat":"repeat","background-position":"center center","background-size":"auto","background-attachment":"scroll","background-type":"","background-media":"","overlay-type":"","overlay-color":"","overlay-opacity":"","overlay-gradient":""}},"footnotes":""},"class_list":["post-1522","page","type-page","status-publish","hentry"],"_links":{"self":[{"href":"https:\/\/genbotcia.com\/index.php\/wp-json\/wp\/v2\/pages\/1522","targetHints":{"allow":["GET"]}}],"collection":[{"href":"https:\/\/genbotcia.com\/index.php\/wp-json\/wp\/v2\/pages"}],"about":[{"href":"https:\/\/genbotcia.com\/index.php\/wp-json\/wp\/v2\/types\/page"}],"author":[{"embeddable":true,"href":"https:\/\/genbotcia.com\/index.php\/wp-json\/wp\/v2\/users\/1"}],"replies":[{"embeddable":true,"href":"https:\/\/genbotcia.com\/index.php\/wp-json\/wp\/v2\/comments?post=1522"}],"version-history":[{"count":38,"href":"https:\/\/genbotcia.com\/index.php\/wp-json\/wp\/v2\/pages\/1522\/revisions"}],"predecessor-version":[{"id":2120,"href":"https:\/\/genbotcia.com\/index.php\/wp-json\/wp\/v2\/pages\/1522\/revisions\/2120"}],"wp:attachment":[{"href":"https:\/\/genbotcia.com\/index.php\/wp-json\/wp\/v2\/media?parent=1522"}],"curies":[{"name":"wp","href":"https:\/\/api.w.org\/{rel}","templated":true}]}}